{"id":1138,"date":"2025-01-28T19:06:27","date_gmt":"2025-01-28T19:06:27","guid":{"rendered":"https:\/\/porinprikaatinkilta.fi\/?page_id=1138"},"modified":"2025-09-23T20:46:47","modified_gmt":"2025-09-23T20:46:47","slug":"etela-pohjanmaan-maakuntakomppania","status":"publish","type":"page","link":"https:\/\/porinprikaatinkilta.fi\/?page_id=1138","title":{"rendered":"Etel\u00e4-Pohjanmaan maakuntakomppania"},"content":{"rendered":"<h3>Puheenjohtaja<\/h3>\n<p>Jari Ala-Varvi<\/p>\n<p>puh: 040 833 5593<\/p>\n<p>&nbsp;<\/p>\n<h3>Hallituksen j\u00e4senet<\/h3>\n<p>Marko Kaappola<\/p>\n<p>Jani Huhtala<\/p>\n<p>Marjo Kauppinen<\/p>\n<p>Jarkko Ojaniemi<\/p>\n<p>Antti Toppinen<\/p>\n<p>Aaro M\u00e4ki-Jouppila<\/p>\n<p>&nbsp;<\/p>\n<h3>Tulevat tapahtumat<\/h3>\n<div dir=\"ltr\">\n<div dir=\"ltr\">Ei tulevia tapahtumia.<\/div>\n<\/div>\n","protected":false},"excerpt":{"rendered":"<p>Puheenjohtaja Jari Ala-Varvi puh: 040 833 5593 &nbsp; Hallituksen j\u00e4senet Marko Kaappola Jani Huhtala Marjo Kauppinen Jarkko Ojaniemi Antti Toppinen &#8230; <\/p>\n<p class=\"read-more-container\"><a title=\"Etel\u00e4-Pohjanmaan maakuntakomppania\" class=\"read-more button\" href=\"https:\/\/porinprikaatinkilta.fi\/?page_id=1138#more-1138\" aria-label=\"Lue lis\u00e4\u00e4 aiheesta Etel\u00e4-Pohjanmaan maakuntakomppania\">Lue lis\u00e4\u00e4<\/a><\/p>\n","protected":false},"author":6,"featured_media":0,"parent":273,"menu_order":0,"comment_status":"closed","ping_status":"closed","template":"","meta":{"footnotes":""},"class_list":["post-1138","page","type-page","status-publish"],"_links":{"self":[{"href":"https:\/\/porinprikaatinkilta.fi\/index.php?rest_route=\/wp\/v2\/pages\/1138","targetHints":{"allow":["GET"]}}],"collection":[{"href":"https:\/\/porinprikaatinkilta.fi\/index.php?rest_route=\/wp\/v2\/pages"}],"about":[{"href":"https:\/\/porinprikaatinkilta.fi\/index.php?rest_route=\/wp\/v2\/types\/page"}],"author":[{"embeddable":true,"href":"https:\/\/porinprikaatinkilta.fi\/index.php?rest_route=\/wp\/v2\/users\/6"}],"replies":[{"embeddable":true,"href":"https:\/\/porinprikaatinkilta.fi\/index.php?rest_route=%2Fwp%2Fv2%2Fcomments&post=1138"}],"version-history":[{"count":14,"href":"https:\/\/porinprikaatinkilta.fi\/index.php?rest_route=\/wp\/v2\/pages\/1138\/revisions"}],"predecessor-version":[{"id":1210,"href":"https:\/\/porinprikaatinkilta.fi\/index.php?rest_route=\/wp\/v2\/pages\/1138\/revisions\/1210"}],"up":[{"embeddable":true,"href":"https:\/\/porinprikaatinkilta.fi\/index.php?rest_route=\/wp\/v2\/pages\/273"}],"wp:attachment":[{"href":"https:\/\/porinprikaatinkilta.fi\/index.php?rest_route=%2Fwp%2Fv2%2Fmedia&parent=1138"}],"curies":[{"name":"wp","href":"https:\/\/api.w.org\/{rel}","templated":true}]}}