{"id":1211,"date":"2025-09-23T20:55:30","date_gmt":"2025-09-23T20:55:30","guid":{"rendered":"https:\/\/porinprikaatinkilta.fi\/?page_id=1211"},"modified":"2025-09-23T20:57:06","modified_gmt":"2025-09-23T20:57:06","slug":"menneet-tapahtumat","status":"publish","type":"page","link":"https:\/\/porinprikaatinkilta.fi\/?page_id=1211","title":{"rendered":"Menneet tapahtumat"},"content":{"rendered":"<h2>Kuvia menneist\u00e4 tapahtumista<\/h2>\n<h4>Porin prikaatin valatilaisuus Ilmajoella 15.8.2025.<\/h4>\n<p><img fetchpriority=\"high\" decoding=\"async\" class=\"alignnone wp-image-1212\" src=\"https:\/\/porinprikaatinkilta.fi\/wp-content\/uploads\/2025\/09\/kuva1-225x300.jpeg\" alt=\"\" width=\"225\" height=\"300\" srcset=\"https:\/\/porinprikaatinkilta.fi\/wp-content\/uploads\/2025\/09\/kuva1-225x300.jpeg 225w, https:\/\/porinprikaatinkilta.fi\/wp-content\/uploads\/2025\/09\/kuva1.jpeg 480w\" sizes=\"(max-width: 225px) 100vw, 225px\" \/><\/p>\n<p>KUVA 1: Ilmajoen valatilaisuudessa Porin prikaatin killan toimintaan tutustumassa kansanedustajat ja puolustusvaliokunnan j\u00e4senet Jarno Limnell, sek\u00e4 Juha M\u00e4enp\u00e4\u00e4. Toimintaa esitteli Martti M\u00e4ki-Jouppila. Kuva: Tiina M\u00e4ki-Jouppila<\/p>\n<p><img decoding=\"async\" class=\"alignnone size-medium wp-image-1213\" src=\"https:\/\/porinprikaatinkilta.fi\/wp-content\/uploads\/2025\/09\/kuva2-169x300.jpeg\" alt=\"\" width=\"169\" height=\"300\" srcset=\"https:\/\/porinprikaatinkilta.fi\/wp-content\/uploads\/2025\/09\/kuva2-169x300.jpeg 169w, https:\/\/porinprikaatinkilta.fi\/wp-content\/uploads\/2025\/09\/kuva2.jpeg 360w\" sizes=\"(max-width: 169px) 100vw, 169px\" \/><\/p>\n<p>KUVA 2: Porin prikaatin kilta ry:n Etel\u00e4-Pohjanmaan maakuntakomppanian alueosaston toimintaan tutustumassa j\u00e4\u00e4k\u00e4ri Laasonen Tampereelta ja tykkimies Rinne Porista. Esittelij\u00f6in\u00e4 Martti ja Aaro M\u00e4ki-Jouppila. Kuva: Tiina M\u00e4ki-Jouppila.<\/p>\n<p>&nbsp;<\/p>\n","protected":false},"excerpt":{"rendered":"<p>Kuvia menneist\u00e4 tapahtumista Porin prikaatin valatilaisuus Ilmajoella 15.8.2025. KUVA 1: Ilmajoen valatilaisuudessa Porin prikaatin killan toimintaan tutustumassa kansanedustajat ja puolustusvaliokunnan &#8230; <\/p>\n<p class=\"read-more-container\"><a title=\"Menneet tapahtumat\" class=\"read-more button\" href=\"https:\/\/porinprikaatinkilta.fi\/?page_id=1211#more-1211\" aria-label=\"Lue lis\u00e4\u00e4 aiheesta Menneet tapahtumat\">Lue lis\u00e4\u00e4<\/a><\/p>\n","protected":false},"author":6,"featured_media":0,"parent":259,"menu_order":1,"comment_status":"closed","ping_status":"closed","template":"","meta":{"footnotes":""},"class_list":["post-1211","page","type-page","status-publish"],"_links":{"self":[{"href":"https:\/\/porinprikaatinkilta.fi\/index.php?rest_route=\/wp\/v2\/pages\/1211","targetHints":{"allow":["GET"]}}],"collection":[{"href":"https:\/\/porinprikaatinkilta.fi\/index.php?rest_route=\/wp\/v2\/pages"}],"about":[{"href":"https:\/\/porinprikaatinkilta.fi\/index.php?rest_route=\/wp\/v2\/types\/page"}],"author":[{"embeddable":true,"href":"https:\/\/porinprikaatinkilta.fi\/index.php?rest_route=\/wp\/v2\/users\/6"}],"replies":[{"embeddable":true,"href":"https:\/\/porinprikaatinkilta.fi\/index.php?rest_route=%2Fwp%2Fv2%2Fcomments&post=1211"}],"version-history":[{"count":1,"href":"https:\/\/porinprikaatinkilta.fi\/index.php?rest_route=\/wp\/v2\/pages\/1211\/revisions"}],"predecessor-version":[{"id":1214,"href":"https:\/\/porinprikaatinkilta.fi\/index.php?rest_route=\/wp\/v2\/pages\/1211\/revisions\/1214"}],"up":[{"embeddable":true,"href":"https:\/\/porinprikaatinkilta.fi\/index.php?rest_route=\/wp\/v2\/pages\/259"}],"wp:attachment":[{"href":"https:\/\/porinprikaatinkilta.fi\/index.php?rest_route=%2Fwp%2Fv2%2Fmedia&parent=1211"}],"curies":[{"name":"wp","href":"https:\/\/api.w.org\/{rel}","templated":true}]}}