{"id":381,"date":"2023-03-26T09:46:31","date_gmt":"2023-03-26T09:46:31","guid":{"rendered":"https:\/\/ppk.eitcon.com\/?page_id=381"},"modified":"2025-12-03T14:49:25","modified_gmt":"2025-12-03T14:49:25","slug":"kunniajasenet","status":"publish","type":"page","link":"https:\/\/porinprikaatinkilta.fi\/?page_id=381","title":{"rendered":"Kunniaj\u00e4senet"},"content":{"rendered":"<h3>Kunniapuheenjohtajat<\/h3>\n<p>Simo Palokangas<\/p>\n<h3>J\u00e4senet<\/h3>\n<ul>\n<li>Pentti Eskola<\/li>\n<li>Markku Nummijoki<\/li>\n<li>Eino J\u00e4rvinen<\/li>\n<li>Pekka Kinkku<\/li>\n<li>Jorma Koivisto<\/li>\n<li>Olli Lind\u00e9n<\/li>\n<li>Timo M\u00e4ki<\/li>\n<li>Osmo Suominen<\/li>\n<li>Olli Nepponen<\/li>\n<li>Markku Heinonen<\/li>\n<\/ul>\n","protected":false},"excerpt":{"rendered":"<p>Kunniapuheenjohtajat Simo Palokangas J\u00e4senet Pentti Eskola Markku Nummijoki Eino J\u00e4rvinen Pekka Kinkku Jorma Koivisto Olli Lind\u00e9n Timo M\u00e4ki Osmo Suominen &#8230; <\/p>\n<p class=\"read-more-container\"><a title=\"Kunniaj\u00e4senet\" class=\"read-more button\" href=\"https:\/\/porinprikaatinkilta.fi\/?page_id=381#more-381\" aria-label=\"Lue lis\u00e4\u00e4 aiheesta Kunniaj\u00e4senet\">Lue lis\u00e4\u00e4<\/a><\/p>\n","protected":false},"author":1,"featured_media":0,"parent":375,"menu_order":0,"comment_status":"closed","ping_status":"closed","template":"","meta":{"footnotes":""},"class_list":["post-381","page","type-page","status-publish"],"_links":{"self":[{"href":"https:\/\/porinprikaatinkilta.fi\/index.php?rest_route=\/wp\/v2\/pages\/381","targetHints":{"allow":["GET"]}}],"collection":[{"href":"https:\/\/porinprikaatinkilta.fi\/index.php?rest_route=\/wp\/v2\/pages"}],"about":[{"href":"https:\/\/porinprikaatinkilta.fi\/index.php?rest_route=\/wp\/v2\/types\/page"}],"author":[{"embeddable":true,"href":"https:\/\/porinprikaatinkilta.fi\/index.php?rest_route=\/wp\/v2\/users\/1"}],"replies":[{"embeddable":true,"href":"https:\/\/porinprikaatinkilta.fi\/index.php?rest_route=%2Fwp%2Fv2%2Fcomments&post=381"}],"version-history":[{"count":13,"href":"https:\/\/porinprikaatinkilta.fi\/index.php?rest_route=\/wp\/v2\/pages\/381\/revisions"}],"predecessor-version":[{"id":1259,"href":"https:\/\/porinprikaatinkilta.fi\/index.php?rest_route=\/wp\/v2\/pages\/381\/revisions\/1259"}],"up":[{"embeddable":true,"href":"https:\/\/porinprikaatinkilta.fi\/index.php?rest_route=\/wp\/v2\/pages\/375"}],"wp:attachment":[{"href":"https:\/\/porinprikaatinkilta.fi\/index.php?rest_route=%2Fwp%2Fv2%2Fmedia&parent=381"}],"curies":[{"name":"wp","href":"https:\/\/api.w.org\/{rel}","templated":true}]}}