{"id":383,"date":"2023-03-26T09:46:55","date_gmt":"2023-03-26T09:46:55","guid":{"rendered":"https:\/\/ppk.eitcon.com\/?page_id=383"},"modified":"2025-12-02T14:42:27","modified_gmt":"2025-12-02T14:42:27","slug":"killan-saannot","status":"publish","type":"page","link":"https:\/\/porinprikaatinkilta.fi\/?page_id=383","title":{"rendered":"Killan s\u00e4\u00e4nn\u00f6t"},"content":{"rendered":"<p><strong>Killan uudistetut ja PRH:n hyv\u00e4ksym\u00e4t (29.7.2025) s\u00e4\u00e4nn\u00f6t l\u00f6ytyv\u00e4t <\/strong><strong><a href=\"https:\/\/porinprikaatinkilta.fi\/wp-content\/uploads\/2025\/12\/PHR_saannot_29072025.pdf\">t\u00e4\u00e4lt\u00e4<\/a>.<\/strong><\/p>\n","protected":false},"excerpt":{"rendered":"<p>Killan uudistetut ja PRH:n hyv\u00e4ksym\u00e4t (29.7.2025) s\u00e4\u00e4nn\u00f6t l\u00f6ytyv\u00e4t t\u00e4\u00e4lt\u00e4.<\/p>\n","protected":false},"author":1,"featured_media":0,"parent":375,"menu_order":0,"comment_status":"closed","ping_status":"closed","template":"","meta":{"footnotes":""},"class_list":["post-383","page","type-page","status-publish"],"_links":{"self":[{"href":"https:\/\/porinprikaatinkilta.fi\/index.php?rest_route=\/wp\/v2\/pages\/383","targetHints":{"allow":["GET"]}}],"collection":[{"href":"https:\/\/porinprikaatinkilta.fi\/index.php?rest_route=\/wp\/v2\/pages"}],"about":[{"href":"https:\/\/porinprikaatinkilta.fi\/index.php?rest_route=\/wp\/v2\/types\/page"}],"author":[{"embeddable":true,"href":"https:\/\/porinprikaatinkilta.fi\/index.php?rest_route=\/wp\/v2\/users\/1"}],"replies":[{"embeddable":true,"href":"https:\/\/porinprikaatinkilta.fi\/index.php?rest_route=%2Fwp%2Fv2%2Fcomments&post=383"}],"version-history":[{"count":12,"href":"https:\/\/porinprikaatinkilta.fi\/index.php?rest_route=\/wp\/v2\/pages\/383\/revisions"}],"predecessor-version":[{"id":1223,"href":"https:\/\/porinprikaatinkilta.fi\/index.php?rest_route=\/wp\/v2\/pages\/383\/revisions\/1223"}],"up":[{"embeddable":true,"href":"https:\/\/porinprikaatinkilta.fi\/index.php?rest_route=\/wp\/v2\/pages\/375"}],"wp:attachment":[{"href":"https:\/\/porinprikaatinkilta.fi\/index.php?rest_route=%2Fwp%2Fv2%2Fmedia&parent=383"}],"curies":[{"name":"wp","href":"https:\/\/api.w.org\/{rel}","templated":true}]}}