{"id":385,"date":"2023-03-26T09:47:21","date_gmt":"2023-03-26T09:47:21","guid":{"rendered":"https:\/\/ppk.eitcon.com\/?page_id=385"},"modified":"2023-03-26T11:05:53","modified_gmt":"2023-03-26T11:05:53","slug":"ansiomerkit","status":"publish","type":"page","link":"https:\/\/porinprikaatinkilta.fi\/?page_id=385","title":{"rendered":"Ansiomerkit"},"content":{"rendered":"\t\t<div data-elementor-type=\"wp-page\" data-elementor-id=\"385\" class=\"elementor elementor-385\">\n\t\t\t\t\t\t<section class=\"elementor-section elementor-top-section elementor-element elementor-element-621e624 elementor-section-boxed elementor-section-height-default elementor-section-height-default\" data-id=\"621e624\" data-element_type=\"section\">\n\t\t\t\t\t\t<div class=\"elementor-container elementor-column-gap-default\">\n\t\t\t\t\t<div class=\"elementor-column elementor-col-100 elementor-top-column elementor-element elementor-element-7ac2b0a\" data-id=\"7ac2b0a\" data-element_type=\"column\">\n\t\t\t<div class=\"elementor-widget-wrap elementor-element-populated\">\n\t\t\t\t\t\t<div class=\"elementor-element elementor-element-a5bf605 elementor-widget elementor-widget-text-editor\" data-id=\"a5bf605\" data-element_type=\"widget\" data-widget_type=\"text-editor.default\">\n\t\t\t\t<div class=\"elementor-widget-container\">\n\t\t\t\t\t\t\t\t\t<p>Ansiomerkkien taustasta ja k\u00e4ytt\u00f6ohjeista lis\u00e4tietoja sivun lopussa. Ansiomerkit my\u00f6nt\u00e4\u00e4 Killan hallitus. <br \/><br \/><\/p>\t\t\t\t\t\t\t\t<\/div>\n\t\t\t\t<\/div>\n\t\t\t\t\t<\/div>\n\t\t<\/div>\n\t\t\t\t\t<\/div>\n\t\t<\/section>\n\t\t\t\t<section class=\"elementor-section elementor-top-section elementor-element elementor-element-0c84c55 elementor-section-boxed elementor-section-height-default elementor-section-height-default\" data-id=\"0c84c55\" data-element_type=\"section\">\n\t\t\t\t\t\t<div class=\"elementor-container elementor-column-gap-default\">\n\t\t\t\t\t<div class=\"elementor-column elementor-col-50 elementor-top-column elementor-element elementor-element-f7dc1bf\" data-id=\"f7dc1bf\" data-element_type=\"column\">\n\t\t\t<div class=\"elementor-widget-wrap elementor-element-populated\">\n\t\t\t\t\t\t<div class=\"elementor-element elementor-element-49bb8c0 elementor-widget elementor-widget-text-editor\" data-id=\"49bb8c0\" data-element_type=\"widget\" data-widget_type=\"text-editor.default\">\n\t\t\t\t<div class=\"elementor-widget-container\">\n\t\t\t\t\t\t\t\t\t<h3>Kiltaristi numeroitu<\/h3>\t\t\t\t\t\t\t\t<\/div>\n\t\t\t\t<\/div>\n\t\t\t\t\t<\/div>\n\t\t<\/div>\n\t\t\t\t<div class=\"elementor-column elementor-col-50 elementor-top-column elementor-element elementor-element-48166b1\" data-id=\"48166b1\" data-element_type=\"column\">\n\t\t\t<div class=\"elementor-widget-wrap elementor-element-populated\">\n\t\t\t\t\t\t<div class=\"elementor-element elementor-element-abf61a4 elementor-widget elementor-widget-image\" data-id=\"abf61a4\" data-element_type=\"widget\" data-widget_type=\"image.default\">\n\t\t\t\t<div class=\"elementor-widget-container\">\n\t\t\t\t\t\t\t\t\t\t\t\t\t\t\t<img decoding=\"async\" width=\"150\" height=\"159\" src=\"https:\/\/porinprikaatinkilta.fi\/wp-content\/uploads\/2023\/03\/kiltaristi.jpg\" class=\"attachment-full size-full wp-image-426\" alt=\"\" \/>\t\t\t\t\t\t\t\t\t\t\t\t\t\t\t<\/div>\n\t\t\t\t<\/div>\n\t\t\t\t\t<\/div>\n\t\t<\/div>\n\t\t\t\t\t<\/div>\n\t\t<\/section>\n\t\t\t\t<section class=\"elementor-section elementor-top-section elementor-element elementor-element-0d4ee13 elementor-section-boxed elementor-section-height-default elementor-section-height-default\" data-id=\"0d4ee13\" data-element_type=\"section\">\n\t\t\t\t\t\t<div class=\"elementor-container elementor-column-gap-default\">\n\t\t\t\t\t<div class=\"elementor-column elementor-col-50 elementor-top-column elementor-element elementor-element-0238ab7\" data-id=\"0238ab7\" data-element_type=\"column\">\n\t\t\t<div class=\"elementor-widget-wrap elementor-element-populated\">\n\t\t\t\t\t\t<div class=\"elementor-element elementor-element-06d2b99 elementor-widget elementor-widget-text-editor\" data-id=\"06d2b99\" data-element_type=\"widget\" data-widget_type=\"text-editor.default\">\n\t\t\t\t<div class=\"elementor-widget-container\">\n\t\t\t\t\t\t\t\t\t<h3>Kilta-ansioristi<\/h3>\t\t\t\t\t\t\t\t<\/div>\n\t\t\t\t<\/div>\n\t\t\t\t\t<\/div>\n\t\t<\/div>\n\t\t\t\t<div class=\"elementor-column elementor-col-50 elementor-top-column elementor-element elementor-element-285f1b9\" data-id=\"285f1b9\" data-element_type=\"column\">\n\t\t\t<div class=\"elementor-widget-wrap elementor-element-populated\">\n\t\t\t\t\t\t<div class=\"elementor-element elementor-element-8db2867 elementor-widget elementor-widget-image\" data-id=\"8db2867\" data-element_type=\"widget\" data-widget_type=\"image.default\">\n\t\t\t\t<div class=\"elementor-widget-container\">\n\t\t\t\t\t\t\t\t\t\t\t\t\t\t\t<img decoding=\"async\" width=\"100\" height=\"267\" src=\"https:\/\/porinprikaatinkilta.fi\/wp-content\/uploads\/2023\/03\/kilta-ansioristi.jpg\" class=\"attachment-full size-full wp-image-427\" alt=\"\" \/>\t\t\t\t\t\t\t\t\t\t\t\t\t\t\t<\/div>\n\t\t\t\t<\/div>\n\t\t\t\t\t<\/div>\n\t\t<\/div>\n\t\t\t\t\t<\/div>\n\t\t<\/section>\n\t\t\t\t<section class=\"elementor-section elementor-top-section elementor-element elementor-element-e63a95c elementor-section-boxed elementor-section-height-default elementor-section-height-default\" data-id=\"e63a95c\" data-element_type=\"section\">\n\t\t\t\t\t\t<div class=\"elementor-container elementor-column-gap-default\">\n\t\t\t\t\t<div class=\"elementor-column elementor-col-50 elementor-top-column elementor-element elementor-element-865484c\" data-id=\"865484c\" data-element_type=\"column\">\n\t\t\t<div class=\"elementor-widget-wrap elementor-element-populated\">\n\t\t\t\t\t\t<div class=\"elementor-element elementor-element-674ffe6 elementor-widget elementor-widget-text-editor\" data-id=\"674ffe6\" data-element_type=\"widget\" data-widget_type=\"text-editor.default\">\n\t\t\t\t<div class=\"elementor-widget-container\">\n\t\t\t\t\t\t\t\t\t<h3>Kilta-ansioristi karhun kera<\/h3>\t\t\t\t\t\t\t\t<\/div>\n\t\t\t\t<\/div>\n\t\t\t\t\t<\/div>\n\t\t<\/div>\n\t\t\t\t<div class=\"elementor-column elementor-col-50 elementor-top-column elementor-element elementor-element-45d4e04\" data-id=\"45d4e04\" data-element_type=\"column\">\n\t\t\t<div class=\"elementor-widget-wrap elementor-element-populated\">\n\t\t\t\t\t\t<div class=\"elementor-element elementor-element-beb8308 elementor-widget elementor-widget-image\" data-id=\"beb8308\" data-element_type=\"widget\" data-widget_type=\"image.default\">\n\t\t\t\t<div class=\"elementor-widget-container\">\n\t\t\t\t\t\t\t\t\t\t\t\t\t\t\t<img decoding=\"async\" width=\"100\" height=\"267\" src=\"https:\/\/porinprikaatinkilta.fi\/wp-content\/uploads\/2023\/03\/kilta-ansioristi_karhunkera.jpg\" class=\"attachment-full size-full wp-image-428\" alt=\"\" \/>\t\t\t\t\t\t\t\t\t\t\t\t\t\t\t<\/div>\n\t\t\t\t<\/div>\n\t\t\t\t\t<\/div>\n\t\t<\/div>\n\t\t\t\t\t<\/div>\n\t\t<\/section>\n\t\t\t\t<section class=\"elementor-section elementor-top-section elementor-element elementor-element-0fc8079 elementor-section-boxed elementor-section-height-default elementor-section-height-default\" data-id=\"0fc8079\" data-element_type=\"section\">\n\t\t\t\t\t\t<div class=\"elementor-container elementor-column-gap-default\">\n\t\t\t\t\t<div class=\"elementor-column elementor-col-50 elementor-top-column elementor-element elementor-element-1aab0d1\" data-id=\"1aab0d1\" data-element_type=\"column\">\n\t\t\t<div class=\"elementor-widget-wrap elementor-element-populated\">\n\t\t\t\t\t\t<div class=\"elementor-element elementor-element-706eb1f elementor-widget elementor-widget-text-editor\" data-id=\"706eb1f\" data-element_type=\"widget\" data-widget_type=\"text-editor.default\">\n\t\t\t\t<div class=\"elementor-widget-container\">\n\t\t\t\t\t\t\t\t\t<h3>Killan standaari<\/h3>\t\t\t\t\t\t\t\t<\/div>\n\t\t\t\t<\/div>\n\t\t\t\t\t<\/div>\n\t\t<\/div>\n\t\t\t\t<div class=\"elementor-column elementor-col-50 elementor-top-column elementor-element elementor-element-1eb4008\" data-id=\"1eb4008\" data-element_type=\"column\">\n\t\t\t<div class=\"elementor-widget-wrap elementor-element-populated\">\n\t\t\t\t\t\t<div class=\"elementor-element elementor-element-dd88efc elementor-widget elementor-widget-image\" data-id=\"dd88efc\" data-element_type=\"widget\" data-widget_type=\"image.default\">\n\t\t\t\t<div class=\"elementor-widget-container\">\n\t\t\t\t\t\t\t\t\t\t\t\t\t\t\t<img loading=\"lazy\" decoding=\"async\" width=\"100\" height=\"191\" src=\"https:\/\/porinprikaatinkilta.fi\/wp-content\/uploads\/2023\/03\/killanstandari.jpg\" class=\"attachment-full size-full wp-image-429\" alt=\"\" \/>\t\t\t\t\t\t\t\t\t\t\t\t\t\t\t<\/div>\n\t\t\t\t<\/div>\n\t\t\t\t\t<\/div>\n\t\t<\/div>\n\t\t\t\t\t<\/div>\n\t\t<\/section>\n\t\t\t\t<section class=\"elementor-section elementor-top-section elementor-element elementor-element-be098b9 elementor-section-boxed elementor-section-height-default elementor-section-height-default\" data-id=\"be098b9\" data-element_type=\"section\">\n\t\t\t\t\t\t<div class=\"elementor-container elementor-column-gap-default\">\n\t\t\t\t\t<div class=\"elementor-column elementor-col-50 elementor-top-column elementor-element elementor-element-84ce9a7\" data-id=\"84ce9a7\" data-element_type=\"column\">\n\t\t\t<div class=\"elementor-widget-wrap elementor-element-populated\">\n\t\t\t\t\t\t<div class=\"elementor-element elementor-element-64d2680 elementor-widget elementor-widget-text-editor\" data-id=\"64d2680\" data-element_type=\"widget\" data-widget_type=\"text-editor.default\">\n\t\t\t\t<div class=\"elementor-widget-container\">\n\t\t\t\t\t\t\t\t\t<h3>Killan ansiolippu<\/h3>\t\t\t\t\t\t\t\t<\/div>\n\t\t\t\t<\/div>\n\t\t\t\t\t<\/div>\n\t\t<\/div>\n\t\t\t\t<div class=\"elementor-column elementor-col-50 elementor-top-column elementor-element elementor-element-2a35bf2\" data-id=\"2a35bf2\" data-element_type=\"column\">\n\t\t\t<div class=\"elementor-widget-wrap elementor-element-populated\">\n\t\t\t\t\t\t<div class=\"elementor-element elementor-element-aea06b9 elementor-widget elementor-widget-image\" data-id=\"aea06b9\" data-element_type=\"widget\" data-widget_type=\"image.default\">\n\t\t\t\t<div class=\"elementor-widget-container\">\n\t\t\t\t\t\t\t\t\t\t\t\t\t\t\t<img loading=\"lazy\" decoding=\"async\" width=\"150\" height=\"143\" src=\"https:\/\/porinprikaatinkilta.fi\/wp-content\/uploads\/2023\/03\/Killanansiolippu.jpg\" class=\"attachment-full size-full wp-image-430\" alt=\"\" \/>\t\t\t\t\t\t\t\t\t\t\t\t\t\t\t<\/div>\n\t\t\t\t<\/div>\n\t\t\t\t\t<\/div>\n\t\t<\/div>\n\t\t\t\t\t<\/div>\n\t\t<\/section>\n\t\t\t\t<section class=\"elementor-section elementor-top-section elementor-element elementor-element-c7b4710 elementor-section-boxed elementor-section-height-default elementor-section-height-default\" data-id=\"c7b4710\" data-element_type=\"section\">\n\t\t\t\t\t\t<div class=\"elementor-container elementor-column-gap-default\">\n\t\t\t\t\t<div class=\"elementor-column elementor-col-50 elementor-top-column elementor-element elementor-element-23c857b\" data-id=\"23c857b\" data-element_type=\"column\">\n\t\t\t<div class=\"elementor-widget-wrap elementor-element-populated\">\n\t\t\t\t\t\t<div class=\"elementor-element elementor-element-4192d65 elementor-widget elementor-widget-text-editor\" data-id=\"4192d65\" data-element_type=\"widget\" data-widget_type=\"text-editor.default\">\n\t\t\t\t<div class=\"elementor-widget-container\">\n\t\t\t\t\t\t\t\t\t<h3>Olkin partio<\/h3>\t\t\t\t\t\t\t\t<\/div>\n\t\t\t\t<\/div>\n\t\t\t\t\t<\/div>\n\t\t<\/div>\n\t\t\t\t<div class=\"elementor-column elementor-col-50 elementor-top-column elementor-element elementor-element-c2e6a38\" data-id=\"c2e6a38\" data-element_type=\"column\">\n\t\t\t<div class=\"elementor-widget-wrap elementor-element-populated\">\n\t\t\t\t\t\t<div class=\"elementor-element elementor-element-3ce2a28 elementor-widget elementor-widget-image\" data-id=\"3ce2a28\" data-element_type=\"widget\" data-widget_type=\"image.default\">\n\t\t\t\t<div class=\"elementor-widget-container\">\n\t\t\t\t\t\t\t\t\t\t\t\t\t\t\t<img loading=\"lazy\" decoding=\"async\" width=\"150\" height=\"150\" src=\"https:\/\/porinprikaatinkilta.fi\/wp-content\/uploads\/2023\/03\/olkin-partio-150x150.png\" class=\"attachment-thumbnail size-thumbnail wp-image-431\" alt=\"\" \/>\t\t\t\t\t\t\t\t\t\t\t\t\t\t\t<\/div>\n\t\t\t\t<\/div>\n\t\t\t\t\t<\/div>\n\t\t<\/div>\n\t\t\t\t\t<\/div>\n\t\t<\/section>\n\t\t\t\t<section class=\"elementor-section elementor-top-section elementor-element elementor-element-580c8a7 elementor-section-boxed elementor-section-height-default elementor-section-height-default\" data-id=\"580c8a7\" data-element_type=\"section\">\n\t\t\t\t\t\t<div class=\"elementor-container elementor-column-gap-default\">\n\t\t\t\t\t<div class=\"elementor-column elementor-col-50 elementor-top-column elementor-element elementor-element-f178412\" data-id=\"f178412\" data-element_type=\"column\">\n\t\t\t<div class=\"elementor-widget-wrap elementor-element-populated\">\n\t\t\t\t\t\t<div class=\"elementor-element elementor-element-674d2ed elementor-widget elementor-widget-text-editor\" data-id=\"674d2ed\" data-element_type=\"widget\" data-widget_type=\"text-editor.default\">\n\t\t\t\t<div class=\"elementor-widget-container\">\n\t\t\t\t\t\t\t\t\t<h3>Hugo \u00d6sterman -mitali<\/h3><p>Killan kunniaj\u00e4sen, kenraali Hugo \u00d6stermanin sotilasura alkoi J\u00e4\u00e4k\u00e4ripataljoona 27:n riveiss\u00e4 Saksassa 1915. Saksasta \u00d6sterman saapui Vaasaan muun j\u00e4\u00e4k\u00e4rijoukon mukana majurin arvoisena. H\u00e4n toimi mm. Porin Rykmentin komentajana 1919-1925 ja 3.Divisioonan komentajana, jalkav\u00e4en tarkastajana sek\u00e4 sotav\u00e4en p\u00e4\u00e4llikk\u00f6n\u00e4 1933-40.<br \/>\u00d6sterman toiminut lis\u00e4ksi apulaispuolustusministerin\u00e4 1930-31 ja Uudenmaan l\u00e4\u00e4nin vt. maaherrana 1932. Oltuaan jalkav\u00e4en tarkastajana 1940-46 h\u00e4n erosi armeijasta siirtyen S\u00e4hk\u00f6ty\u00f6nantajain Liiton toimitusjohtajaksi.<\/p><p>Taiteilija Jussi Vikaisen suunnittelema \u00d6sterman -mitali ly\u00f6tiin kenraalin 75-vuotisp\u00e4ivien kunniaksi 5.9.1967.<\/p><p>Kilta oli taustavoimana mitalin aikaansaamisessa ja sit\u00e4 valmistettiin Auran Kultaseppien toimesta 1 hopeinen ja 200 pronssista kappaletta.<br \/><br \/>Mitalia ei en\u00e4\u00e4 jaeta. Ainoa kappale on Porilaismuseossa.<\/p>\t\t\t\t\t\t\t\t<\/div>\n\t\t\t\t<\/div>\n\t\t\t\t\t<\/div>\n\t\t<\/div>\n\t\t\t\t<div class=\"elementor-column elementor-col-50 elementor-top-column elementor-element elementor-element-4419f8c\" data-id=\"4419f8c\" data-element_type=\"column\">\n\t\t\t<div class=\"elementor-widget-wrap elementor-element-populated\">\n\t\t\t\t\t\t<div class=\"elementor-element elementor-element-784820c elementor-widget elementor-widget-image\" data-id=\"784820c\" data-element_type=\"widget\" data-widget_type=\"image.default\">\n\t\t\t\t<div class=\"elementor-widget-container\">\n\t\t\t\t\t\t\t\t\t\t\t\t\t\t\t<img loading=\"lazy\" decoding=\"async\" width=\"150\" height=\"148\" src=\"https:\/\/porinprikaatinkilta.fi\/wp-content\/uploads\/2023\/03\/hugo_osterman_mitali.jpg\" class=\"attachment-full size-full wp-image-435\" alt=\"\" \/>\t\t\t\t\t\t\t\t\t\t\t\t\t\t\t<\/div>\n\t\t\t\t<\/div>\n\t\t\t\t\t<\/div>\n\t\t<\/div>\n\t\t\t\t\t<\/div>\n\t\t<\/section>\n\t\t\t\t<section class=\"elementor-section elementor-top-section elementor-element elementor-element-0ab6bb2 elementor-section-boxed elementor-section-height-default elementor-section-height-default\" data-id=\"0ab6bb2\" data-element_type=\"section\">\n\t\t\t\t\t\t<div class=\"elementor-container elementor-column-gap-default\">\n\t\t\t\t\t<div class=\"elementor-column elementor-col-50 elementor-top-column elementor-element elementor-element-d63938f\" data-id=\"d63938f\" data-element_type=\"column\">\n\t\t\t<div class=\"elementor-widget-wrap elementor-element-populated\">\n\t\t\t\t\t\t<div class=\"elementor-element elementor-element-b851692 elementor-widget elementor-widget-text-editor\" data-id=\"b851692\" data-element_type=\"widget\" data-widget_type=\"text-editor.default\">\n\t\t\t\t<div class=\"elementor-widget-container\">\n\t\t\t\t\t\t\t\t\t<h3>Auno Kuiri -mitali<\/h3><p>Killan valtuuskunnan ensimm\u00e4inen puheenjohtaja, Mannerheim-ristin ritari, everstiluutnantti Auno Kuiri l\u00e4hti 1916 kotoaan Tervolasta ilmoittautuen J\u00e4\u00e4k\u00e4ripataljoona 27:\u00e4\u00e4n. Vaasan kautta Kuirin tie vei vapaussotaan Satakunnan rintamalle, johon h\u00e4n osallistui joukkueenjohtajana v\u00e4\u00e4pelin arvossa.<\/p><p>Vapaussodan p\u00e4\u00e4tytty\u00e4 Kuiri aloitti palveluksensa Porin Rykmentiss\u00e4 v\u00e4nrikkin\u00e4, yleten majuriksi 1940 ja everstiluutnantiksi 1942. Sodan aikana h\u00e4n toimi mm pataljoonan ja rykmentin komentajana. Sodan j\u00e4lkeen Kuiri palasi JR 6:een ensin pataljoonan komentajaksi ja lopuksi h\u00e4n toimi Rykmentin komentajana vuoteen 1949.<\/p><p>Auno Kuirin nimi tulee s\u00e4ilym\u00e4\u00e4n porilaisjoukko-osastojen henkil\u00f6luettelossa yhten\u00e4 tunnetuimpana. H\u00e4nt\u00e4 voidaan syyst\u00e4 pit\u00e4\u00e4 oman aikakautensa porilaissankarina, tunnettuna ja tunnustettuna. Kuirin sodanaikaiset JR 5:n miehet ovat teett\u00e4neet ihaillun pataljoonan komentajansa kunniaksi mitalin, joka ly\u00f6tiin Kuirin 75-vuotisp\u00e4iv\u00e4n kunniaksi 25.9.1972.<\/p><p>Mitalia ei en\u00e4\u00e4 jaeta. Ainoa kappale on Porilaismuseossa.<\/p>\t\t\t\t\t\t\t\t<\/div>\n\t\t\t\t<\/div>\n\t\t\t\t\t<\/div>\n\t\t<\/div>\n\t\t\t\t<div class=\"elementor-column elementor-col-50 elementor-top-column elementor-element elementor-element-266054a\" data-id=\"266054a\" data-element_type=\"column\">\n\t\t\t<div class=\"elementor-widget-wrap elementor-element-populated\">\n\t\t\t\t\t\t<div class=\"elementor-element elementor-element-7bfd384 elementor-widget elementor-widget-image\" data-id=\"7bfd384\" data-element_type=\"widget\" data-widget_type=\"image.default\">\n\t\t\t\t<div class=\"elementor-widget-container\">\n\t\t\t\t\t\t\t\t\t\t\t\t\t\t\t<img loading=\"lazy\" decoding=\"async\" width=\"150\" height=\"149\" src=\"https:\/\/porinprikaatinkilta.fi\/wp-content\/uploads\/2023\/03\/auno_kuiri_mitali.jpg\" class=\"attachment-full size-full wp-image-436\" alt=\"\" \/>\t\t\t\t\t\t\t\t\t\t\t\t\t\t\t<\/div>\n\t\t\t\t<\/div>\n\t\t\t\t\t<\/div>\n\t\t<\/div>\n\t\t\t\t\t<\/div>\n\t\t<\/section>\n\t\t\t\t<section class=\"elementor-section elementor-top-section elementor-element elementor-element-ac11863 elementor-section-boxed elementor-section-height-default elementor-section-height-default\" data-id=\"ac11863\" data-element_type=\"section\">\n\t\t\t\t\t\t<div class=\"elementor-container elementor-column-gap-default\">\n\t\t\t\t\t<div class=\"elementor-column elementor-col-100 elementor-top-column elementor-element elementor-element-d08b73b\" data-id=\"d08b73b\" data-element_type=\"column\">\n\t\t\t<div class=\"elementor-widget-wrap elementor-element-populated\">\n\t\t\t\t\t\t<div class=\"elementor-element elementor-element-2559b73 elementor-widget-divider--view-line elementor-widget elementor-widget-divider\" data-id=\"2559b73\" data-element_type=\"widget\" data-widget_type=\"divider.default\">\n\t\t\t\t<div class=\"elementor-widget-container\">\n\t\t\t\t\t\t\t<div class=\"elementor-divider\">\n\t\t\t<span class=\"elementor-divider-separator\">\n\t\t\t\t\t\t<\/span>\n\t\t<\/div>\n\t\t\t\t\t\t<\/div>\n\t\t\t\t<\/div>\n\t\t\t\t\t<\/div>\n\t\t<\/div>\n\t\t\t\t\t<\/div>\n\t\t<\/section>\n\t\t\t\t<section class=\"elementor-section elementor-top-section elementor-element elementor-element-c37fab2 elementor-section-boxed elementor-section-height-default elementor-section-height-default\" data-id=\"c37fab2\" data-element_type=\"section\">\n\t\t\t\t\t\t<div class=\"elementor-container elementor-column-gap-default\">\n\t\t\t\t\t<div class=\"elementor-column elementor-col-100 elementor-top-column elementor-element elementor-element-6f15334\" data-id=\"6f15334\" data-element_type=\"column\">\n\t\t\t<div class=\"elementor-widget-wrap elementor-element-populated\">\n\t\t\t\t\t\t<div class=\"elementor-element elementor-element-a70d26e elementor-widget elementor-widget-text-editor\" data-id=\"a70d26e\" data-element_type=\"widget\" data-widget_type=\"text-editor.default\">\n\t\t\t\t<div class=\"elementor-widget-container\">\n\t\t\t\t\t\t\t\t\t<h3>Porilaisristi<\/h3><p>Porin prikaatin joukko-osastoristi, Porilaisristi, on tarkoitettu yll\u00e4pit\u00e4m\u00e4\u00e4n Porin prikaatin ja sen edelt\u00e4j\u00e4joukko-osastojen vuosisataisia kunniakkaita perinteit\u00e4. Porilaisristi ei siten varsinaisesti ole tarkoitettu Porin Rykmentin-Porin Prikaatin killan j\u00e4senten tai varusmiesten kannettavaksi.<\/p><p>Killan piiriss\u00e4 koettiinkin tarpeelliseksi saada oma yhten\u00e4inen symboli. Kiltaristi otettiin virallisesti k\u00e4ytt\u00f6\u00f6n vuosijuhlassa 25.3.1995. Esitys asiasta tehtiin P\u00e4\u00e4esikunnalle 13.4.1995. Ansioristin rakenne, hyv\u00e4ksytettiin Sotamuseossa. Ristiss\u00e4 on kullan v\u00e4rinen Porin prikaatin joukko-osastotunnus. Ristin pinta on sinist\u00e4 emalia, jota ymp\u00e4r\u00f6i kullankeltainen reunus. Ristin k\u00e4yt\u00f6lle vahvistettiin s\u00e4\u00e4nn\u00f6t.<\/p><p>Numeroimattoman kiltaristin voivat ostaa killan j\u00e4senet. Sit\u00e4 ovat oikeutettuja kantamaan my\u00f6s reservil\u00e4iset, joille risti on my\u00f6nnetty varusmiespalvelusaikana erillisten Porin prikaatin varusmiesristi\u00e4 koskevien s\u00e4\u00e4nt\u00f6jen perusteella.<br \/><br \/>Killan hallitus voi my\u00f6nt\u00e4\u00e4 numeroimattoman tai numeroidun kiltaristin tunnustuksena killan hyv\u00e4ksi tehdyst\u00e4 ty\u00f6st\u00e4 sek\u00e4 killan j\u00e4senille, ett\u00e4 my\u00f6s kiltaan kuulumattomille henkil\u00f6ille.<br \/><br \/>Kiltaristi hyv\u00e4ksyttiin merkitt\u00e4v\u00e4ksi sotilas- ja virkapuvussa kannettavien ansioristien ja ansiomitalien luetteloon 25.3.1996 puolustusvoimain komentajalle kenraali Gustav H\u00e4gglundille tehdyss\u00e4 esittelyss\u00e4.<\/p><h3>Kiltaristin k\u00e4ytt\u00f6ohje<\/h3><p>Kiltaristi\u00e4 kannetaan siviili- ja sotilaspuvussa. P\u00e4\u00e4s\u00e4\u00e4nt\u00f6isesti kiltaristi\u00e4 kannetaan killan omissa tilaisuuksissa. Risti\u00e4 on my\u00f6s oikeus kantaa erilaisissa maanpuolustustilaisuuksissa.<br \/>Kiltaristi\u00e4 kannetaan siviilipuvussa takin oikealla sivustalla kuvitellun rintataskun alapuolella.<\/p><p>Jos henkil\u00f6lle on my\u00f6nnetty Porilaisristi, syrj\u00e4ytt\u00e4\u00e4 se arvokkaampana kiltaristin, jonka paikalle se kiinnitet\u00e4\u00e4n. Asepuvussa kannetaan kerrallaan vain jompaakumpaa risti\u00e4.<\/p><h3>Ansioristin k\u00e4ytt\u00f6ohje<\/h3><p>Ansioristi\u00e4 tai Ansioristi\u00e4 Porilaiskarhun kera k\u00e4ytet\u00e4\u00e4n muiden kunnia- ja ansiomerkkien rinnalla.<\/p>\t\t\t\t\t\t\t\t<\/div>\n\t\t\t\t<\/div>\n\t\t\t\t\t<\/div>\n\t\t<\/div>\n\t\t\t\t\t<\/div>\n\t\t<\/section>\n\t\t\t\t<\/div>\n\t\t","protected":false},"excerpt":{"rendered":"<p>Ansiomerkkien taustasta ja k\u00e4ytt\u00f6ohjeista lis\u00e4tietoja sivun lopussa. Ansiomerkit my\u00f6nt\u00e4\u00e4 Killan hallitus. Kiltaristi numeroitu Kilta-ansioristi Kilta-ansioristi karhun kera Killan standaari Killan &#8230; <\/p>\n<p class=\"read-more-container\"><a title=\"Ansiomerkit\" class=\"read-more button\" href=\"https:\/\/porinprikaatinkilta.fi\/?page_id=385#more-385\" aria-label=\"Lue lis\u00e4\u00e4 aiheesta Ansiomerkit\">Lue lis\u00e4\u00e4<\/a><\/p>\n","protected":false},"author":1,"featured_media":0,"parent":375,"menu_order":0,"comment_status":"closed","ping_status":"closed","template":"","meta":{"footnotes":""},"class_list":["post-385","page","type-page","status-publish"],"_links":{"self":[{"href":"https:\/\/porinprikaatinkilta.fi\/index.php?rest_route=\/wp\/v2\/pages\/385","targetHints":{"allow":["GET"]}}],"collection":[{"href":"https:\/\/porinprikaatinkilta.fi\/index.php?rest_route=\/wp\/v2\/pages"}],"about":[{"href":"https:\/\/porinprikaatinkilta.fi\/index.php?rest_route=\/wp\/v2\/types\/page"}],"author":[{"embeddable":true,"href":"https:\/\/porinprikaatinkilta.fi\/index.php?rest_route=\/wp\/v2\/users\/1"}],"replies":[{"embeddable":true,"href":"https:\/\/porinprikaatinkilta.fi\/index.php?rest_route=%2Fwp%2Fv2%2Fcomments&post=385"}],"version-history":[{"count":7,"href":"https:\/\/porinprikaatinkilta.fi\/index.php?rest_route=\/wp\/v2\/pages\/385\/revisions"}],"predecessor-version":[{"id":440,"href":"https:\/\/porinprikaatinkilta.fi\/index.php?rest_route=\/wp\/v2\/pages\/385\/revisions\/440"}],"up":[{"embeddable":true,"href":"https:\/\/porinprikaatinkilta.fi\/index.php?rest_route=\/wp\/v2\/pages\/375"}],"wp:attachment":[{"href":"https:\/\/porinprikaatinkilta.fi\/index.php?rest_route=%2Fwp%2Fv2%2Fmedia&parent=385"}],"curies":[{"name":"wp","href":"https:\/\/api.w.org\/{rel}","templated":true}]}}