{"id":719,"date":"2023-06-19T11:34:40","date_gmt":"2023-06-19T11:34:40","guid":{"rendered":"https:\/\/ppk.eitcon.com\/?page_id=719"},"modified":"2025-06-12T15:18:06","modified_gmt":"2025-06-12T15:18:06","slug":"liity-jaseneksi","status":"publish","type":"page","link":"https:\/\/porinprikaatinkilta.fi\/?page_id=719","title":{"rendered":"Liity j\u00e4seneksi"},"content":{"rendered":"<p>Killan j\u00e4seneksi liittyminen on muuttunut Maanpuolustusrekisterin muutosten vuoksi. Jatkossa j\u00e4senen t\u00e4ytyy itse t\u00e4ytt\u00e4\u00e4 j\u00e4senhakulomake, joka l\u00f6ytyy <a href=\"https:\/\/maanpuolustusrekisteri.fi\/verkkolomakkeet\/Jasenhakemus\/LiitonYhdistys?organisa atio=15424683\">t\u00e4\u00e4lt\u00e4<\/a>.<\/p>\n<p>J\u00e4seneksi voi liitty\u00e4 my\u00f6s alla olevaa QR-koodia k\u00e4ytt\u00e4en.<\/p>\n<p>J\u00e4seneksi liittyminen vaatii vahvan tunnistautumisen.<\/p>\n<p><img fetchpriority=\"high\" decoding=\"async\" class=\"alignnone size-medium wp-image-1181\" src=\"https:\/\/porinprikaatinkilta.fi\/wp-content\/uploads\/2025\/06\/jasen-300x298.jpg\" alt=\"\" width=\"300\" height=\"298\" srcset=\"https:\/\/porinprikaatinkilta.fi\/wp-content\/uploads\/2025\/06\/jasen-300x298.jpg 300w, https:\/\/porinprikaatinkilta.fi\/wp-content\/uploads\/2025\/06\/jasen-150x150.jpg 150w, https:\/\/porinprikaatinkilta.fi\/wp-content\/uploads\/2025\/06\/jasen.jpg 391w\" sizes=\"(max-width: 300px) 100vw, 300px\" \/><\/p>\n","protected":false},"excerpt":{"rendered":"<p>Killan j\u00e4seneksi liittyminen on muuttunut Maanpuolustusrekisterin muutosten vuoksi. Jatkossa j\u00e4senen t\u00e4ytyy itse t\u00e4ytt\u00e4\u00e4 j\u00e4senhakulomake, joka l\u00f6ytyy t\u00e4\u00e4lt\u00e4. J\u00e4seneksi voi liitty\u00e4 &#8230; <\/p>\n<p class=\"read-more-container\"><a title=\"Liity j\u00e4seneksi\" class=\"read-more button\" href=\"https:\/\/porinprikaatinkilta.fi\/?page_id=719#more-719\" aria-label=\"Lue lis\u00e4\u00e4 aiheesta Liity j\u00e4seneksi\">Lue lis\u00e4\u00e4<\/a><\/p>\n","protected":false},"author":1,"featured_media":0,"parent":0,"menu_order":0,"comment_status":"closed","ping_status":"closed","template":"","meta":{"footnotes":""},"class_list":["post-719","page","type-page","status-publish"],"_links":{"self":[{"href":"https:\/\/porinprikaatinkilta.fi\/index.php?rest_route=\/wp\/v2\/pages\/719","targetHints":{"allow":["GET"]}}],"collection":[{"href":"https:\/\/porinprikaatinkilta.fi\/index.php?rest_route=\/wp\/v2\/pages"}],"about":[{"href":"https:\/\/porinprikaatinkilta.fi\/index.php?rest_route=\/wp\/v2\/types\/page"}],"author":[{"embeddable":true,"href":"https:\/\/porinprikaatinkilta.fi\/index.php?rest_route=\/wp\/v2\/users\/1"}],"replies":[{"embeddable":true,"href":"https:\/\/porinprikaatinkilta.fi\/index.php?rest_route=%2Fwp%2Fv2%2Fcomments&post=719"}],"version-history":[{"count":12,"href":"https:\/\/porinprikaatinkilta.fi\/index.php?rest_route=\/wp\/v2\/pages\/719\/revisions"}],"predecessor-version":[{"id":1182,"href":"https:\/\/porinprikaatinkilta.fi\/index.php?rest_route=\/wp\/v2\/pages\/719\/revisions\/1182"}],"wp:attachment":[{"href":"https:\/\/porinprikaatinkilta.fi\/index.php?rest_route=%2Fwp%2Fv2%2Fmedia&parent=719"}],"curies":[{"name":"wp","href":"https:\/\/api.w.org\/{rel}","templated":true}]}}