{"id":77,"date":"2020-09-17T08:14:00","date_gmt":"2020-09-17T08:14:00","guid":{"rendered":"https:\/\/ppk.eitcon.com\/?page_id=77"},"modified":"2025-08-29T18:34:24","modified_gmt":"2025-08-29T18:34:24","slug":"porin-prikaatin-kilta-ry","status":"publish","type":"page","link":"https:\/\/porinprikaatinkilta.fi\/","title":{"rendered":"Porin prikaatin kilta ry"},"content":{"rendered":"<h2>Porin prikaatin kilta ry<\/h2>\n<p>Porin prikaatin kilta on vapaaehtoinen maanpuolustusty\u00f6t\u00e4 tekev\u00e4 yhteis\u00f6, joka\u00a0yhdyssiteen\u00e4,<br \/>\nvaalii historiallisia perinteit\u00e4 ja yhteisi\u00e4 muistoja. Kilta pyrkii edist\u00e4m\u00e4\u00e4n Porin prikaatissa palvelevien<br \/>\nvarusmiesten viihtyvyytt\u00e4 ja tarjoaa Porin prikaatissa ja sen edelt\u00e4j\u00e4joukko-osastoissa palvelleille el\u00e4v\u00e4n ja toimivan yhteyden joukko-osastoonsa palvelusajan j\u00e4lkeen.<\/p>\n<p>Ajankohtaiset asiat ja tulevat tapahtumat l\u00f6yd\u00e4t <a href=\"https:\/\/porinprikaatinkilta.fi\/?page_id=259\">Uutiset<\/a>-sivulta.<\/p>\n<p><img fetchpriority=\"high\" decoding=\"async\" src=\"https:\/\/porinprikaatinkilta.fi\/wp-content\/uploads\/2020\/09\/LIPPUMIEHET.jpg\" alt=\"\" width=\"287\" height=\"231\" \/><br \/>\n<a href=\"https:\/\/www.facebook.com\/porinprikaatinkilta\" target=\"_blank\" rel=\"noopener\"><br \/>\nSeuraa meit\u00e4 Facebookissa<br \/>\n<\/a><br \/>\n<a href=\"https:\/\/porinprikaatinkilta.fi\/?page_id=396\"><br \/>\nOsta tuotteitamme<br \/>\n<\/a><br \/>\n<a href=\"https:\/\/porinprikaatinkilta.fi\/?page_id=719\"><br \/>\nLiity j\u00e4seneksi<br \/>\n<\/a><\/p>\n<figure><img alt=\"\" \/><\/figure>\n","protected":false},"excerpt":{"rendered":"<p>Porin prikaatin kilta ry Porin prikaatin kilta on vapaaehtoinen maanpuolustusty\u00f6t\u00e4 tekev\u00e4 yhteis\u00f6, joka\u00a0yhdyssiteen\u00e4, vaalii historiallisia perinteit\u00e4 ja yhteisi\u00e4 muistoja. Kilta &#8230; <\/p>\n<p class=\"read-more-container\"><a title=\"Porin prikaatin kilta ry\" class=\"read-more button\" href=\"https:\/\/porinprikaatinkilta.fi\/#more-77\" aria-label=\"Lue lis\u00e4\u00e4 aiheesta Porin prikaatin kilta ry\">Lue lis\u00e4\u00e4<\/a><\/p>\n","protected":false},"author":1,"featured_media":0,"parent":0,"menu_order":0,"comment_status":"closed","ping_status":"closed","template":"","meta":{"footnotes":""},"class_list":["post-77","page","type-page","status-publish"],"_links":{"self":[{"href":"https:\/\/porinprikaatinkilta.fi\/index.php?rest_route=\/wp\/v2\/pages\/77","targetHints":{"allow":["GET"]}}],"collection":[{"href":"https:\/\/porinprikaatinkilta.fi\/index.php?rest_route=\/wp\/v2\/pages"}],"about":[{"href":"https:\/\/porinprikaatinkilta.fi\/index.php?rest_route=\/wp\/v2\/types\/page"}],"author":[{"embeddable":true,"href":"https:\/\/porinprikaatinkilta.fi\/index.php?rest_route=\/wp\/v2\/users\/1"}],"replies":[{"embeddable":true,"href":"https:\/\/porinprikaatinkilta.fi\/index.php?rest_route=%2Fwp%2Fv2%2Fcomments&post=77"}],"version-history":[{"count":74,"href":"https:\/\/porinprikaatinkilta.fi\/index.php?rest_route=\/wp\/v2\/pages\/77\/revisions"}],"predecessor-version":[{"id":1204,"href":"https:\/\/porinprikaatinkilta.fi\/index.php?rest_route=\/wp\/v2\/pages\/77\/revisions\/1204"}],"wp:attachment":[{"href":"https:\/\/porinprikaatinkilta.fi\/index.php?rest_route=%2Fwp%2Fv2%2Fmedia&parent=77"}],"curies":[{"name":"wp","href":"https:\/\/api.w.org\/{rel}","templated":true}]}}